{"id":314,"date":"2025-12-20T20:29:20","date_gmt":"2025-12-20T19:29:20","guid":{"rendered":"https:\/\/www.quickcoffeeso.com\/?page_id=314"},"modified":"2025-12-21T11:37:00","modified_gmt":"2025-12-21T10:37:00","slug":"iletisim","status":"publish","type":"page","link":"https:\/\/www.quickcoffeeso.com\/?page_id=314","title":{"rendered":"\u0130leti\u015fim"},"content":{"rendered":"\t\t<div data-elementor-type=\"wp-page\" data-elementor-id=\"314\" class=\"elementor elementor-314\">\n\t\t\t\t<div class=\"elementor-element elementor-element-cdd1a0e e-con-full e-flex e-con e-parent\" data-id=\"cdd1a0e\" data-element_type=\"container\" data-settings=\"{&quot;background_background&quot;:&quot;classic&quot;}\">\n\t\t<div class=\"elementor-element elementor-element-9479106 e-con-full e-flex e-con e-child\" data-id=\"9479106\" data-element_type=\"container\" data-settings=\"{&quot;background_background&quot;:&quot;classic&quot;}\">\n\t\t\t\t<div class=\"elementor-element elementor-element-393db33 elementor-widget elementor-widget-heading\" data-id=\"393db33\" data-element_type=\"widget\" data-widget_type=\"heading.default\">\n\t\t\t\t\t<h2 class=\"elementor-heading-title elementor-size-default\">\u0130leti\u015fim<\/h2>\t\t\t\t<\/div>\n\t\t\t\t<div class=\"elementor-element elementor-element-b4f04b2 elementor-widget elementor-widget-image\" data-id=\"b4f04b2\" data-element_type=\"widget\" data-widget_type=\"image.default\">\n\t\t\t\t\t\t\t\t\t\t\t\t\t\t\t<img fetchpriority=\"high\" decoding=\"async\" width=\"1920\" height=\"800\" src=\"https:\/\/www.quickcoffeeso.com\/wp-content\/uploads\/2025\/12\/quick-ueberuns-0001.png\" class=\"attachment-full size-full wp-image-256\" alt=\"\" srcset=\"https:\/\/www.quickcoffeeso.com\/wp-content\/uploads\/2025\/12\/quick-ueberuns-0001.png 1920w, https:\/\/www.quickcoffeeso.com\/wp-content\/uploads\/2025\/12\/quick-ueberuns-0001-500x208.png 500w, https:\/\/www.quickcoffeeso.com\/wp-content\/uploads\/2025\/12\/quick-ueberuns-0001-1200x500.png 1200w, https:\/\/www.quickcoffeeso.com\/wp-content\/uploads\/2025\/12\/quick-ueberuns-0001-300x125.png 300w, https:\/\/www.quickcoffeeso.com\/wp-content\/uploads\/2025\/12\/quick-ueberuns-0001-768x320.png 768w, https:\/\/www.quickcoffeeso.com\/wp-content\/uploads\/2025\/12\/quick-ueberuns-0001-1536x640.png 1536w, https:\/\/www.quickcoffeeso.com\/wp-content\/uploads\/2025\/12\/quick-ueberuns-0001-150x63.png 150w, https:\/\/www.quickcoffeeso.com\/wp-content\/uploads\/2025\/12\/quick-ueberuns-0001-480x200.png 480w\" sizes=\"(max-width:767px) 480px, (max-width:1920px) 100vw, 1920px\" \/>\t\t\t\t\t\t\t\t\t\t\t\t\t\t\t<\/div>\n\t\t\t\t<\/div>\n\t\t\t\t<\/div>\n\t\t\t\t<section class=\"elementor-section elementor-top-section elementor-element elementor-element-53111b9 elementor-section-full_width elementor-section-stretched elementor-section-height-default elementor-section-height-default\" data-id=\"53111b9\" data-element_type=\"section\" data-settings=\"{&quot;stretch_section&quot;:&quot;section-stretched&quot;,&quot;background_background&quot;:&quot;classic&quot;}\">\n\t\t\t\t\t\t<div class=\"elementor-container elementor-column-gap-no\">\n\t\t\t\t\t<div class=\"elementor-column elementor-col-100 elementor-top-column elementor-element elementor-element-6a0cbe7\" data-id=\"6a0cbe7\" data-element_type=\"column\">\n\t\t\t<div class=\"elementor-widget-wrap elementor-element-populated\">\n\t\t\t\t\t\t<div class=\"elementor-element elementor-element-8d910f6 elementor-widget elementor-widget-image\" data-id=\"8d910f6\" data-element_type=\"widget\" data-widget_type=\"image.default\">\n\t\t\t\t\t\t\t\t\t\t\t\t\t\t\t<img decoding=\"async\" width=\"1920\" height=\"90\" src=\"https:\/\/www.quickcoffeeso.com\/wp-content\/uploads\/2025\/12\/quick-brush-004.png\" class=\"attachment-full size-full wp-image-224\" alt=\"\" srcset=\"https:\/\/www.quickcoffeeso.com\/wp-content\/uploads\/2025\/12\/quick-brush-004.png 1920w, https:\/\/www.quickcoffeeso.com\/wp-content\/uploads\/2025\/12\/quick-brush-004-500x23.png 500w, https:\/\/www.quickcoffeeso.com\/wp-content\/uploads\/2025\/12\/quick-brush-004-1200x56.png 1200w, https:\/\/www.quickcoffeeso.com\/wp-content\/uploads\/2025\/12\/quick-brush-004-300x14.png 300w, https:\/\/www.quickcoffeeso.com\/wp-content\/uploads\/2025\/12\/quick-brush-004-768x36.png 768w, https:\/\/www.quickcoffeeso.com\/wp-content\/uploads\/2025\/12\/quick-brush-004-1536x72.png 1536w, https:\/\/www.quickcoffeeso.com\/wp-content\/uploads\/2025\/12\/quick-brush-004-150x7.png 150w, https:\/\/www.quickcoffeeso.com\/wp-content\/uploads\/2025\/12\/quick-brush-004-480x23.png 480w\" sizes=\"(max-width:767px) 480px, (max-width:1920px) 100vw, 1920px\" \/>\t\t\t\t\t\t\t\t\t\t\t\t\t\t\t<\/div>\n\t\t\t\t\t<\/div>\n\t\t<\/div>\n\t\t\t\t\t<\/div>\n\t\t<\/section>\n\t\t\t\t<section class=\"elementor-section elementor-top-section elementor-element elementor-element-b890ae7 elementor-section-stretched elementor-section-boxed elementor-section-height-default elementor-section-height-default\" data-id=\"b890ae7\" data-element_type=\"section\" data-settings=\"{&quot;stretch_section&quot;:&quot;section-stretched&quot;,&quot;background_background&quot;:&quot;classic&quot;}\">\n\t\t\t\t\t\t\t<div class=\"elementor-background-overlay\"><\/div>\n\t\t\t\t\t\t\t<div class=\"elementor-container elementor-column-gap-wider\">\n\t\t\t\t\t<div class=\"elementor-column elementor-col-100 elementor-top-column elementor-element elementor-element-b5d0c0b\" data-id=\"b5d0c0b\" data-element_type=\"column\">\n\t\t\t<div class=\"elementor-widget-wrap elementor-element-populated\">\n\t\t\t\t\t\t<section class=\"elementor-section elementor-inner-section elementor-element elementor-element-f5b81ff elementor-section-boxed elementor-section-height-default elementor-section-height-default\" data-id=\"f5b81ff\" data-element_type=\"section\">\n\t\t\t\t\t\t<div class=\"elementor-container elementor-column-gap-default\">\n\t\t\t\t\t<div class=\"elementor-column elementor-col-100 elementor-inner-column elementor-element elementor-element-ec5d475\" data-id=\"ec5d475\" data-element_type=\"column\">\n\t\t\t<div class=\"elementor-widget-wrap elementor-element-populated\">\n\t\t\t\t\t\t<div class=\"elementor-element elementor-element-8e99ab2 elementor-widget elementor-widget-heading\" data-id=\"8e99ab2\" data-element_type=\"widget\" data-widget_type=\"heading.default\">\n\t\t\t\t\t<h2 class=\"elementor-heading-title elementor-size-default\">Quick Coffee Solutions \u0130leti\u015fim<\/h2>\t\t\t\t<\/div>\n\t\t\t\t<div class=\"elementor-element elementor-element-08fba2d elementor-widget elementor-widget-heading\" data-id=\"08fba2d\" data-element_type=\"widget\" data-widget_type=\"heading.default\">\n\t\t\t\t\t<h2 class=\"elementor-heading-title elementor-size-default\">Bize Ula\u015f\u0131n<\/h2>\t\t\t\t<\/div>\n\t\t\t\t<div class=\"elementor-element elementor-element-ad26472 elementor-widget elementor-widget-text-editor\" data-id=\"ad26472\" data-element_type=\"widget\" data-widget_type=\"text-editor.default\">\n\t\t\t\t\t\t\t\t\tEtkinli\u011finizle ilgili sorular\u0131n\u0131z, teklif talepleriniz veya detayl\u0131 bilgi i\u00e7in\nbizimle diledi\u011finiz kanaldan kolayca ileti\u015fime ge\u00e7ebilirsiniz.\t\t\t\t\t\t\t\t<\/div>\n\t\t\t\t\t<\/div>\n\t\t<\/div>\n\t\t\t\t\t<\/div>\n\t\t<\/section>\n\t\t\t\t<section class=\"elementor-section elementor-inner-section elementor-element elementor-element-aa878c5 elementor-section-boxed elementor-section-height-default elementor-section-height-default\" data-id=\"aa878c5\" data-element_type=\"section\">\n\t\t\t\t\t\t<div class=\"elementor-container elementor-column-gap-wider\">\n\t\t\t\t\t<div class=\"elementor-column elementor-col-50 elementor-inner-column elementor-element elementor-element-7da39fb\" data-id=\"7da39fb\" data-element_type=\"column\">\n\t\t\t<div class=\"elementor-widget-wrap elementor-element-populated\">\n\t\t\t\t\t\t<div class=\"elementor-element elementor-element-8604faf elementor-widget elementor-widget-heading\" data-id=\"8604faf\" data-element_type=\"widget\" data-widget_type=\"heading.default\">\n\t\t\t\t\t<h2 class=\"elementor-heading-title elementor-size-default\">Telefon<\/h2>\t\t\t\t<\/div>\n\t\t\t\t<div class=\"elementor-element elementor-element-927f61a elementor-align-left elementor-mobile-align-center elementor-icon-list--layout-traditional elementor-list-item-link-full_width elementor-widget elementor-widget-icon-list\" data-id=\"927f61a\" data-element_type=\"widget\" data-widget_type=\"icon-list.default\">\n\t\t\t\t\t\t\t<ul class=\"elementor-icon-list-items\">\n\t\t\t\t\t\t\t<li class=\"elementor-icon-list-item\">\n\t\t\t\t\t\t\t\t\t\t\t<a href=\"#\">\n\n\t\t\t\t\t\t\t\t\t\t\t\t<span class=\"elementor-icon-list-icon\">\n\t\t\t\t\t\t\t<svg aria-hidden=\"true\" class=\"e-font-icon-svg e-fas-check\" viewBox=\"0 0 512 512\" xmlns=\"http:\/\/www.w3.org\/2000\/svg\"><path d=\"M173.898 439.404l-166.4-166.4c-9.997-9.997-9.997-26.206 0-36.204l36.203-36.204c9.997-9.998 26.207-9.998 36.204 0L192 312.69 432.095 72.596c9.997-9.997 26.207-9.997 36.204 0l36.203 36.204c9.997 9.997 9.997 26.206 0 36.204l-294.4 294.401c-9.998 9.997-26.207 9.997-36.204-.001z\"><\/path><\/svg>\t\t\t\t\t\t<\/span>\n\t\t\t\t\t\t\t\t\t\t<span class=\"elementor-icon-list-text\">+90 123 123 123456<\/span>\n\t\t\t\t\t\t\t\t\t\t\t<\/a>\n\t\t\t\t\t\t\t\t\t<\/li>\n\t\t\t\t\t\t<\/ul>\n\t\t\t\t\t\t<\/div>\n\t\t\t\t<div class=\"elementor-element elementor-element-f37821d elementor-widget elementor-widget-heading\" data-id=\"f37821d\" data-element_type=\"widget\" data-widget_type=\"heading.default\">\n\t\t\t\t\t<h2 class=\"elementor-heading-title elementor-size-default\">E-posta<\/h2>\t\t\t\t<\/div>\n\t\t\t\t<div class=\"elementor-element elementor-element-64e4b9a elementor-align-left elementor-mobile-align-center elementor-icon-list--layout-traditional elementor-list-item-link-full_width elementor-widget elementor-widget-icon-list\" data-id=\"64e4b9a\" data-element_type=\"widget\" data-widget_type=\"icon-list.default\">\n\t\t\t\t\t\t\t<ul class=\"elementor-icon-list-items\">\n\t\t\t\t\t\t\t<li class=\"elementor-icon-list-item\">\n\t\t\t\t\t\t\t\t\t\t\t<a href=\"#\">\n\n\t\t\t\t\t\t\t\t\t\t\t\t<span class=\"elementor-icon-list-icon\">\n\t\t\t\t\t\t\t<svg aria-hidden=\"true\" class=\"e-font-icon-svg e-fas-check\" viewBox=\"0 0 512 512\" xmlns=\"http:\/\/www.w3.org\/2000\/svg\"><path d=\"M173.898 439.404l-166.4-166.4c-9.997-9.997-9.997-26.206 0-36.204l36.203-36.204c9.997-9.998 26.207-9.998 36.204 0L192 312.69 432.095 72.596c9.997-9.997 26.207-9.997 36.204 0l36.203 36.204c9.997 9.997 9.997 26.206 0 36.204l-294.4 294.401c-9.998 9.997-26.207 9.997-36.204-.001z\"><\/path><\/svg>\t\t\t\t\t\t<\/span>\n\t\t\t\t\t\t\t\t\t\t<span class=\"elementor-icon-list-text\">info@quickcoffeeso.com<\/span>\n\t\t\t\t\t\t\t\t\t\t\t<\/a>\n\t\t\t\t\t\t\t\t\t<\/li>\n\t\t\t\t\t\t<\/ul>\n\t\t\t\t\t\t<\/div>\n\t\t\t\t<div class=\"elementor-element elementor-element-160c881 elementor-widget elementor-widget-heading\" data-id=\"160c881\" data-element_type=\"widget\" data-widget_type=\"heading.default\">\n\t\t\t\t\t<h2 class=\"elementor-heading-title elementor-size-default\">\u00c7al\u0131\u015fma Saatleri<\/h2>\t\t\t\t<\/div>\n\t\t\t\t<div class=\"elementor-element elementor-element-e7817e3 elementor-align-left elementor-mobile-align-center elementor-icon-list--layout-traditional elementor-list-item-link-full_width elementor-widget elementor-widget-icon-list\" data-id=\"e7817e3\" data-element_type=\"widget\" data-widget_type=\"icon-list.default\">\n\t\t\t\t\t\t\t<ul class=\"elementor-icon-list-items\">\n\t\t\t\t\t\t\t<li class=\"elementor-icon-list-item\">\n\t\t\t\t\t\t\t\t\t\t\t<span class=\"elementor-icon-list-icon\">\n\t\t\t\t\t\t\t<svg aria-hidden=\"true\" class=\"e-font-icon-svg e-fas-check\" viewBox=\"0 0 512 512\" xmlns=\"http:\/\/www.w3.org\/2000\/svg\"><path d=\"M173.898 439.404l-166.4-166.4c-9.997-9.997-9.997-26.206 0-36.204l36.203-36.204c9.997-9.998 26.207-9.998 36.204 0L192 312.69 432.095 72.596c9.997-9.997 26.207-9.997 36.204 0l36.203 36.204c9.997 9.997 9.997 26.206 0 36.204l-294.4 294.401c-9.998 9.997-26.207 9.997-36.204-.001z\"><\/path><\/svg>\t\t\t\t\t\t<\/span>\n\t\t\t\t\t\t\t\t\t\t<span class=\"elementor-icon-list-text\">Hafta i\u00e7i: 09.00 \u2013 18.00<\/span>\n\t\t\t\t\t\t\t\t\t<\/li>\n\t\t\t\t\t\t\t\t<li class=\"elementor-icon-list-item\">\n\t\t\t\t\t\t\t\t\t\t\t<span class=\"elementor-icon-list-icon\">\n\t\t\t\t\t\t\t<svg aria-hidden=\"true\" class=\"e-font-icon-svg e-fas-check\" viewBox=\"0 0 512 512\" xmlns=\"http:\/\/www.w3.org\/2000\/svg\"><path d=\"M173.898 439.404l-166.4-166.4c-9.997-9.997-9.997-26.206 0-36.204l36.203-36.204c9.997-9.998 26.207-9.998 36.204 0L192 312.69 432.095 72.596c9.997-9.997 26.207-9.997 36.204 0l36.203 36.204c9.997 9.997 9.997 26.206 0 36.204l-294.4 294.401c-9.998 9.997-26.207 9.997-36.204-.001z\"><\/path><\/svg>\t\t\t\t\t\t<\/span>\n\t\t\t\t\t\t\t\t\t\t<span class=\"elementor-icon-list-text\">Etkinlik g\u00fcnlerine \u00f6zel esnek planlama<\/span>\n\t\t\t\t\t\t\t\t\t<\/li>\n\t\t\t\t\t\t<\/ul>\n\t\t\t\t\t\t<\/div>\n\t\t\t\t<div class=\"elementor-element elementor-element-e5e5d17 elementor-mobile-align-center elementor-align-left elementor-widget elementor-widget-button\" data-id=\"e5e5d17\" data-element_type=\"widget\" data-widget_type=\"button.default\">\n\t\t\t\t\t\t\t\t\t\t<a class=\"elementor-button elementor-button-link elementor-size-sm\" href=\"#\">\n\t\t\t\t\t\t<span class=\"elementor-button-content-wrapper\">\n\t\t\t\t\t\t\t\t\t<span class=\"elementor-button-text\">Bizimle \u0130leti\u015fime Ge\u00e7in<\/span>\n\t\t\t\t\t<\/span>\n\t\t\t\t\t<\/a>\n\t\t\t\t\t\t\t\t<\/div>\n\t\t\t\t\t<\/div>\n\t\t<\/div>\n\t\t\t\t<div class=\"elementor-column elementor-col-50 elementor-inner-column elementor-element elementor-element-37a7112 elementor-hidden-mobile\" data-id=\"37a7112\" data-element_type=\"column\">\n\t\t\t<div class=\"elementor-widget-wrap elementor-element-populated\">\n\t\t\t\t\t\t<div class=\"elementor-element elementor-element-96ac221 elementor-widget elementor-widget-image\" data-id=\"96ac221\" data-element_type=\"widget\" data-widget_type=\"image.default\">\n\t\t\t\t\t\t\t\t\t\t\t\t\t\t\t<img decoding=\"async\" width=\"1200\" height=\"850\" src=\"https:\/\/www.quickcoffeeso.com\/wp-content\/uploads\/2025\/12\/quicktest-2-1200x850.jpg\" class=\"attachment-large size-large wp-image-197\" alt=\"\" srcset=\"https:\/\/www.quickcoffeeso.com\/wp-content\/uploads\/2025\/12\/quicktest-2-1200x850.jpg 1200w, https:\/\/www.quickcoffeeso.com\/wp-content\/uploads\/2025\/12\/quicktest-2-500x354.jpg 500w, https:\/\/www.quickcoffeeso.com\/wp-content\/uploads\/2025\/12\/quicktest-2-300x213.jpg 300w, https:\/\/www.quickcoffeeso.com\/wp-content\/uploads\/2025\/12\/quicktest-2-768x544.jpg 768w, https:\/\/www.quickcoffeeso.com\/wp-content\/uploads\/2025\/12\/quicktest-2-1536x1088.jpg 1536w, https:\/\/www.quickcoffeeso.com\/wp-content\/uploads\/2025\/12\/quicktest-2-2048x1451.jpg 2048w, https:\/\/www.quickcoffeeso.com\/wp-content\/uploads\/2025\/12\/quicktest-2-106x75.jpg 106w, https:\/\/www.quickcoffeeso.com\/wp-content\/uploads\/2025\/12\/quicktest-2-480x340.jpg 480w\" sizes=\"(max-width:767px) 480px, (max-width:1200px) 100vw, 1200px\" \/>\t\t\t\t\t\t\t\t\t\t\t\t\t\t\t<\/div>\n\t\t\t\t\t<\/div>\n\t\t<\/div>\n\t\t\t\t\t<\/div>\n\t\t<\/section>\n\t\t\t\t\t<\/div>\n\t\t<\/div>\n\t\t\t\t\t<\/div>\n\t\t<\/section>\n\t\t<div class=\"elementor-element elementor-element-3c1d3df e-con-full e-flex e-con e-parent\" data-id=\"3c1d3df\" data-element_type=\"container\" data-settings=\"{&quot;background_background&quot;:&quot;classic&quot;}\">\n\t\t<div class=\"elementor-element elementor-element-79313ac e-con-full e-flex e-con e-child\" data-id=\"79313ac\" data-element_type=\"container\" data-settings=\"{&quot;background_background&quot;:&quot;classic&quot;}\">\n\t\t<div class=\"elementor-element elementor-element-acd329d e-con-full e-flex e-con e-child\" data-id=\"acd329d\" data-element_type=\"container\">\n\t\t\t\t<div class=\"elementor-element elementor-element-cceb363 elementor-widget elementor-widget-heading\" data-id=\"cceb363\" data-element_type=\"widget\" data-widget_type=\"heading.default\">\n\t\t\t\t\t<h2 class=\"elementor-heading-title elementor-size-default\">Quick Coffee Solutions<\/h2>\t\t\t\t<\/div>\n\t\t\t\t<div class=\"elementor-element elementor-element-f19a392 elementor-widget elementor-widget-heading\" data-id=\"f19a392\" data-element_type=\"widget\" data-widget_type=\"heading.default\">\n\t\t\t\t\t<h2 class=\"elementor-heading-title elementor-size-default\">Etkinli\u011finiz \u0130\u00e7in Kahve Hizmeti Al\u0131n<\/h2>\t\t\t\t<\/div>\n\t\t\t\t<div class=\"elementor-element elementor-element-5897aac elementor-widget elementor-widget-text-editor\" data-id=\"5897aac\" data-element_type=\"widget\" data-widget_type=\"text-editor.default\">\n\t\t\t\t\t\t\t\t\tEtkinli\u011finizin \u00f6l\u00e7e\u011fine ve ihtiya\u00e7lar\u0131na uygun kahve makinesi,\nbarista hizmeti ve konsepti birlikte planlayal\u0131m.\nQuickCoffee ile misafirlerinize profesyonel bir kahve deneyimi sunun.\t\t\t\t\t\t\t\t<\/div>\n\t\t\t\t<\/div>\n\t\t<div class=\"elementor-element elementor-element-8ab4997 e-con-full e-flex e-con e-child\" data-id=\"8ab4997\" data-element_type=\"container\" data-settings=\"{&quot;background_background&quot;:&quot;video&quot;,&quot;background_video_link&quot;:&quot;https:\\\/\\\/www.quickcoffeeso.com\\\/wp-content\\\/uploads\\\/2025\\\/12\\\/event-ve-konferanslar-icin-profesyonel-kahve-coezuemleri-quickcoffee.mp4&quot;,&quot;background_play_on_mobile&quot;:&quot;yes&quot;}\">\n\t\t<div class=\"elementor-background-video-container\" aria-hidden=\"true\">\n\t\t\t\t\t\t\t<video class=\"elementor-background-video-hosted\" autoplay muted playsinline loop><\/video>\n\t\t\t\t\t<\/div>\t\t<\/div>\n\t\t\t\t<\/div>\n\t\t\t\t<\/div>\n\t\t\t\t<section class=\"elementor-section elementor-top-section elementor-element elementor-element-3f342ed elementor-section-full_width elementor-section-stretched elementor-section-height-default elementor-section-height-default\" data-id=\"3f342ed\" data-element_type=\"section\" data-settings=\"{&quot;stretch_section&quot;:&quot;section-stretched&quot;,&quot;background_background&quot;:&quot;classic&quot;}\">\n\t\t\t\t\t\t<div class=\"elementor-container elementor-column-gap-no\">\n\t\t\t\t\t<div class=\"elementor-column elementor-col-100 elementor-top-column elementor-element elementor-element-30aac3a\" data-id=\"30aac3a\" data-element_type=\"column\">\n\t\t\t<div class=\"elementor-widget-wrap elementor-element-populated\">\n\t\t\t\t\t\t<div class=\"elementor-element elementor-element-9379df3 elementor-widget elementor-widget-image\" data-id=\"9379df3\" data-element_type=\"widget\" data-widget_type=\"image.default\">\n\t\t\t\t\t\t\t\t\t\t\t\t\t\t\t<img decoding=\"async\" width=\"1920\" height=\"90\" src=\"https:\/\/www.quickcoffeeso.com\/wp-content\/uploads\/2025\/12\/quick-brush-004.png\" class=\"attachment-full size-full wp-image-224\" alt=\"\" srcset=\"https:\/\/www.quickcoffeeso.com\/wp-content\/uploads\/2025\/12\/quick-brush-004.png 1920w, https:\/\/www.quickcoffeeso.com\/wp-content\/uploads\/2025\/12\/quick-brush-004-500x23.png 500w, https:\/\/www.quickcoffeeso.com\/wp-content\/uploads\/2025\/12\/quick-brush-004-1200x56.png 1200w, https:\/\/www.quickcoffeeso.com\/wp-content\/uploads\/2025\/12\/quick-brush-004-300x14.png 300w, https:\/\/www.quickcoffeeso.com\/wp-content\/uploads\/2025\/12\/quick-brush-004-768x36.png 768w, https:\/\/www.quickcoffeeso.com\/wp-content\/uploads\/2025\/12\/quick-brush-004-1536x72.png 1536w, https:\/\/www.quickcoffeeso.com\/wp-content\/uploads\/2025\/12\/quick-brush-004-150x7.png 150w, https:\/\/www.quickcoffeeso.com\/wp-content\/uploads\/2025\/12\/quick-brush-004-480x23.png 480w\" sizes=\"(max-width:767px) 480px, (max-width:1920px) 100vw, 1920px\" \/>\t\t\t\t\t\t\t\t\t\t\t\t\t\t\t<\/div>\n\t\t\t\t\t<\/div>\n\t\t<\/div>\n\t\t\t\t\t<\/div>\n\t\t<\/section>\n\t\t\t\t<\/div>\n\t\t","protected":false},"excerpt":{"rendered":"<p>\u0130leti\u015fim Quick Coffee Solutions \u0130leti\u015fim Bize Ula\u015f\u0131n Etkinli\u011finizle ilgili sorular\u0131n\u0131z, teklif talepleriniz veya detayl\u0131 bilgi i\u00e7in bizimle diledi\u011finiz kanaldan kolayca ileti\u015fime ge\u00e7ebilirsiniz. Telefon +90 123 123<span class=\"excerpt-hellip\"> [\u2026]<\/span><\/p>\n","protected":false},"author":1,"featured_media":0,"parent":0,"menu_order":0,"comment_status":"open","ping_status":"closed","template":"","meta":{"footnotes":""},"class_list":["post-314","page","type-page","status-publish","hentry"],"_links":{"self":[{"href":"https:\/\/www.quickcoffeeso.com\/index.php?rest_route=\/wp\/v2\/pages\/314","targetHints":{"allow":["GET"]}}],"collection":[{"href":"https:\/\/www.quickcoffeeso.com\/index.php?rest_route=\/wp\/v2\/pages"}],"about":[{"href":"https:\/\/www.quickcoffeeso.com\/index.php?rest_route=\/wp\/v2\/types\/page"}],"author":[{"embeddable":true,"href":"https:\/\/www.quickcoffeeso.com\/index.php?rest_route=\/wp\/v2\/users\/1"}],"replies":[{"embeddable":true,"href":"https:\/\/www.quickcoffeeso.com\/index.php?rest_route=%2Fwp%2Fv2%2Fcomments&post=314"}],"version-history":[{"count":13,"href":"https:\/\/www.quickcoffeeso.com\/index.php?rest_route=\/wp\/v2\/pages\/314\/revisions"}],"predecessor-version":[{"id":385,"href":"https:\/\/www.quickcoffeeso.com\/index.php?rest_route=\/wp\/v2\/pages\/314\/revisions\/385"}],"wp:attachment":[{"href":"https:\/\/www.quickcoffeeso.com\/index.php?rest_route=%2Fwp%2Fv2%2Fmedia&parent=314"}],"curies":[{"name":"wp","href":"https:\/\/api.w.org\/{rel}","templated":true}]}}