{"id":302,"date":"2025-12-20T20:23:03","date_gmt":"2025-12-20T19:23:03","guid":{"rendered":"https:\/\/www.quickcoffeeso.com\/?page_id=302"},"modified":"2025-12-20T23:11:47","modified_gmt":"2025-12-20T22:11:47","slug":"hizli-basvuru","status":"publish","type":"page","link":"https:\/\/www.quickcoffeeso.com\/?page_id=302","title":{"rendered":"H\u0131zl\u0131 Ba\u015fvuru"},"content":{"rendered":"\t\t<div data-elementor-type=\"wp-page\" data-elementor-id=\"302\" class=\"elementor elementor-302\">\n\t\t\t\t<div class=\"elementor-element elementor-element-ffb920a e-con-full e-flex e-con e-parent\" data-id=\"ffb920a\" data-element_type=\"container\" data-settings=\"{&quot;background_background&quot;:&quot;classic&quot;}\">\n\t\t<div class=\"elementor-element elementor-element-158d34e e-con-full e-flex e-con e-child\" data-id=\"158d34e\" data-element_type=\"container\" data-settings=\"{&quot;background_background&quot;:&quot;classic&quot;}\">\n\t\t<div class=\"elementor-element elementor-element-b4e9dcb e-con-full e-flex e-con e-child\" data-id=\"b4e9dcb\" data-element_type=\"container\">\n\t\t\t\t<div class=\"elementor-element elementor-element-1a05cf7 elementor-widget elementor-widget-heading\" data-id=\"1a05cf7\" data-element_type=\"widget\" data-widget_type=\"heading.default\">\n\t\t\t\t\t<h2 class=\"elementor-heading-title elementor-size-default\">Quick Coffee Solutions<\/h2>\t\t\t\t<\/div>\n\t\t\t\t<div class=\"elementor-element elementor-element-567c99f elementor-widget elementor-widget-heading\" data-id=\"567c99f\" data-element_type=\"widget\" data-widget_type=\"heading.default\">\n\t\t\t\t\t<h2 class=\"elementor-heading-title elementor-size-default\">Etkinli\u011finiz \u0130\u00e7in H\u0131zl\u0131 Kahve Hizmeti Ba\u015fvurusu<\/h2>\t\t\t\t<\/div>\n\t\t\t\t<div class=\"elementor-element elementor-element-20ebe2d elementor-widget elementor-widget-text-editor\" data-id=\"20ebe2d\" data-element_type=\"widget\" data-widget_type=\"text-editor.default\">\n\t\t\t\t\t\t\t\t\tEtkinli\u011finizin t\u00fcr\u00fcne ve ihtiya\u00e7lar\u0131na uygun kahve hizmetini\nk\u0131sa bir form ile h\u0131zl\u0131ca planlayal\u0131m.\nBa\u015fvurunuzu ald\u0131ktan sonra en k\u0131sa s\u00fcrede sizinle ileti\u015fime ge\u00e7iyoruz.\t\t\t\t\t\t\t\t<\/div>\n\t\t\t\t<div class=\"elementor-element elementor-element-fb9965d elementor-align-left elementor-icon-list--layout-traditional elementor-list-item-link-full_width elementor-widget elementor-widget-icon-list\" data-id=\"fb9965d\" data-element_type=\"widget\" data-widget_type=\"icon-list.default\">\n\t\t\t\t\t\t\t<ul class=\"elementor-icon-list-items\">\n\t\t\t\t\t\t\t<li class=\"elementor-icon-list-item\">\n\t\t\t\t\t\t\t\t\t\t\t<span class=\"elementor-icon-list-icon\">\n\t\t\t\t\t\t\t<svg aria-hidden=\"true\" class=\"e-font-icon-svg e-fas-check\" viewBox=\"0 0 512 512\" xmlns=\"http:\/\/www.w3.org\/2000\/svg\"><path d=\"M173.898 439.404l-166.4-166.4c-9.997-9.997-9.997-26.206 0-36.204l36.203-36.204c9.997-9.998 26.207-9.998 36.204 0L192 312.69 432.095 72.596c9.997-9.997 26.207-9.997 36.204 0l36.203 36.204c9.997 9.997 9.997 26.206 0 36.204l-294.4 294.401c-9.998 9.997-26.207 9.997-36.204-.001z\"><\/path><\/svg>\t\t\t\t\t\t<\/span>\n\t\t\t\t\t\t\t\t\t\t<span class=\"elementor-icon-list-text\">\u00dccretsiz ve ba\u011flay\u0131c\u0131 olmayan ba\u015fvuru<\/span>\n\t\t\t\t\t\t\t\t\t<\/li>\n\t\t\t\t\t\t\t\t<li class=\"elementor-icon-list-item\">\n\t\t\t\t\t\t\t\t\t\t\t<span class=\"elementor-icon-list-icon\">\n\t\t\t\t\t\t\t<svg aria-hidden=\"true\" class=\"e-font-icon-svg e-fas-check\" viewBox=\"0 0 512 512\" xmlns=\"http:\/\/www.w3.org\/2000\/svg\"><path d=\"M173.898 439.404l-166.4-166.4c-9.997-9.997-9.997-26.206 0-36.204l36.203-36.204c9.997-9.998 26.207-9.998 36.204 0L192 312.69 432.095 72.596c9.997-9.997 26.207-9.997 36.204 0l36.203 36.204c9.997 9.997 9.997 26.206 0 36.204l-294.4 294.401c-9.998 9.997-26.207 9.997-36.204-.001z\"><\/path><\/svg>\t\t\t\t\t\t<\/span>\n\t\t\t\t\t\t\t\t\t\t<span class=\"elementor-icon-list-text\">H\u0131zl\u0131 geri d\u00f6n\u00fc\u015f<\/span>\n\t\t\t\t\t\t\t\t\t<\/li>\n\t\t\t\t\t\t\t\t<li class=\"elementor-icon-list-item\">\n\t\t\t\t\t\t\t\t\t\t\t<span class=\"elementor-icon-list-icon\">\n\t\t\t\t\t\t\t<svg aria-hidden=\"true\" class=\"e-font-icon-svg e-fas-check\" viewBox=\"0 0 512 512\" xmlns=\"http:\/\/www.w3.org\/2000\/svg\"><path d=\"M173.898 439.404l-166.4-166.4c-9.997-9.997-9.997-26.206 0-36.204l36.203-36.204c9.997-9.998 26.207-9.998 36.204 0L192 312.69 432.095 72.596c9.997-9.997 26.207-9.997 36.204 0l36.203 36.204c9.997 9.997 9.997 26.206 0 36.204l-294.4 294.401c-9.998 9.997-26.207 9.997-36.204-.001z\"><\/path><\/svg>\t\t\t\t\t\t<\/span>\n\t\t\t\t\t\t\t\t\t\t<span class=\"elementor-icon-list-text\">Etkinli\u011finize \u00f6zel \u00e7\u00f6z\u00fcm<\/span>\n\t\t\t\t\t\t\t\t\t<\/li>\n\t\t\t\t\t\t<\/ul>\n\t\t\t\t\t\t<\/div>\n\t\t\t\t<\/div>\n\t\t<div class=\"elementor-element elementor-element-8540244 e-con-full e-flex e-con e-child\" data-id=\"8540244\" data-element_type=\"container\" data-settings=\"{&quot;background_background&quot;:&quot;video&quot;,&quot;background_video_link&quot;:&quot;https:\\\/\\\/www.quickcoffeeso.com\\\/wp-content\\\/uploads\\\/2025\\\/12\\\/event-ve-konferanslar-icin-profesyonel-kahve-coezuemleri-quickcoffee.mp4&quot;,&quot;background_play_on_mobile&quot;:&quot;yes&quot;}\">\n\t\t<div class=\"elementor-background-video-container\" aria-hidden=\"true\">\n\t\t\t\t\t\t\t<video class=\"elementor-background-video-hosted\" autoplay muted playsinline loop><\/video>\n\t\t\t\t\t<\/div>\t\t<\/div>\n\t\t\t\t<\/div>\n\t\t\t\t<\/div>\n\t\t\t\t<section class=\"elementor-section elementor-top-section elementor-element elementor-element-128e1c4 elementor-section-full_width elementor-section-stretched elementor-section-height-default elementor-section-height-default\" data-id=\"128e1c4\" data-element_type=\"section\" data-settings=\"{&quot;stretch_section&quot;:&quot;section-stretched&quot;,&quot;background_background&quot;:&quot;classic&quot;}\">\n\t\t\t\t\t\t<div class=\"elementor-container elementor-column-gap-no\">\n\t\t\t\t\t<div class=\"elementor-column elementor-col-100 elementor-top-column elementor-element elementor-element-d7966ae\" data-id=\"d7966ae\" data-element_type=\"column\">\n\t\t\t<div class=\"elementor-widget-wrap elementor-element-populated\">\n\t\t\t\t\t\t<div class=\"elementor-element elementor-element-fdf0ddf elementor-widget elementor-widget-image\" data-id=\"fdf0ddf\" data-element_type=\"widget\" data-widget_type=\"image.default\">\n\t\t\t\t\t\t\t\t\t\t\t\t\t\t\t<img fetchpriority=\"high\" decoding=\"async\" width=\"1920\" height=\"90\" src=\"https:\/\/www.quickcoffeeso.com\/wp-content\/uploads\/2025\/12\/quick-brush-004.png\" class=\"attachment-full size-full wp-image-224\" alt=\"\" srcset=\"https:\/\/www.quickcoffeeso.com\/wp-content\/uploads\/2025\/12\/quick-brush-004.png 1920w, https:\/\/www.quickcoffeeso.com\/wp-content\/uploads\/2025\/12\/quick-brush-004-500x23.png 500w, https:\/\/www.quickcoffeeso.com\/wp-content\/uploads\/2025\/12\/quick-brush-004-1200x56.png 1200w, https:\/\/www.quickcoffeeso.com\/wp-content\/uploads\/2025\/12\/quick-brush-004-300x14.png 300w, https:\/\/www.quickcoffeeso.com\/wp-content\/uploads\/2025\/12\/quick-brush-004-768x36.png 768w, https:\/\/www.quickcoffeeso.com\/wp-content\/uploads\/2025\/12\/quick-brush-004-1536x72.png 1536w, https:\/\/www.quickcoffeeso.com\/wp-content\/uploads\/2025\/12\/quick-brush-004-150x7.png 150w, https:\/\/www.quickcoffeeso.com\/wp-content\/uploads\/2025\/12\/quick-brush-004-480x23.png 480w\" sizes=\"(max-width:767px) 480px, (max-width:1920px) 100vw, 1920px\" \/>\t\t\t\t\t\t\t\t\t\t\t\t\t\t\t<\/div>\n\t\t\t\t\t<\/div>\n\t\t<\/div>\n\t\t\t\t\t<\/div>\n\t\t<\/section>\n\t\t\t\t<\/div>\n\t\t","protected":false},"excerpt":{"rendered":"<p>Quick Coffee Solutions Etkinli\u011finiz \u0130\u00e7in H\u0131zl\u0131 Kahve Hizmeti Ba\u015fvurusu Etkinli\u011finizin t\u00fcr\u00fcne ve ihtiya\u00e7lar\u0131na uygun kahve hizmetini k\u0131sa bir form ile h\u0131zl\u0131ca planlayal\u0131m. Ba\u015fvurunuzu ald\u0131ktan sonra en<span class=\"excerpt-hellip\"> [\u2026]<\/span><\/p>\n","protected":false},"author":1,"featured_media":0,"parent":0,"menu_order":0,"comment_status":"open","ping_status":"closed","template":"","meta":{"footnotes":""},"class_list":["post-302","page","type-page","status-publish","hentry"],"_links":{"self":[{"href":"https:\/\/www.quickcoffeeso.com\/index.php?rest_route=\/wp\/v2\/pages\/302","targetHints":{"allow":["GET"]}}],"collection":[{"href":"https:\/\/www.quickcoffeeso.com\/index.php?rest_route=\/wp\/v2\/pages"}],"about":[{"href":"https:\/\/www.quickcoffeeso.com\/index.php?rest_route=\/wp\/v2\/types\/page"}],"author":[{"embeddable":true,"href":"https:\/\/www.quickcoffeeso.com\/index.php?rest_route=\/wp\/v2\/users\/1"}],"replies":[{"embeddable":true,"href":"https:\/\/www.quickcoffeeso.com\/index.php?rest_route=%2Fwp%2Fv2%2Fcomments&post=302"}],"version-history":[{"count":7,"href":"https:\/\/www.quickcoffeeso.com\/index.php?rest_route=\/wp\/v2\/pages\/302\/revisions"}],"predecessor-version":[{"id":352,"href":"https:\/\/www.quickcoffeeso.com\/index.php?rest_route=\/wp\/v2\/pages\/302\/revisions\/352"}],"wp:attachment":[{"href":"https:\/\/www.quickcoffeeso.com\/index.php?rest_route=%2Fwp%2Fv2%2Fmedia&parent=302"}],"curies":[{"name":"wp","href":"https:\/\/api.w.org\/{rel}","templated":true}]}}